{"id":21018,"date":"2024-08-27T16:49:22","date_gmt":"2024-08-27T16:49:22","guid":{"rendered":"https:\/\/coremetal.de\/allgemeine-verkaufsbedingungen\/"},"modified":"2024-09-02T15:57:43","modified_gmt":"2024-09-02T15:57:43","slug":"allgemeine-verkaufsbedingungen","status":"publish","type":"page","link":"https:\/\/coremetal.de\/de\/allgemeine-verkaufsbedingungen\/","title":{"rendered":"Allgemeine Verkaufsbedingungen"},"content":{"rendered":"\t\t<div data-elementor-type=\"wp-page\" data-elementor-id=\"21018\" class=\"elementor elementor-21018 elementor-20608\" data-elementor-post-type=\"page\">\n\t\t\t\t\t\t<section class=\"elementor-section elementor-top-section elementor-element elementor-element-6ad1419e elementor-section-boxed elementor-section-height-default elementor-section-height-default sc_fly_static\" data-id=\"6ad1419e\" data-element_type=\"section\" data-e-type=\"section\" data-settings=\"{&quot;background_background&quot;:&quot;classic&quot;}\">\n\t\t\t\t\t\t<div class=\"elementor-container elementor-column-gap-extended\">\n\t\t\t\t\t<div class=\"elementor-column elementor-col-100 elementor-top-column elementor-element elementor-element-74053833 sc_content_align_inherit sc_layouts_column_icons_position_left sc_fly_static\" data-id=\"74053833\" data-element_type=\"column\" data-e-type=\"column\">\n\t\t\t<div class=\"elementor-widget-wrap elementor-element-populated\">\n\t\t\t\t\t\t<div class=\"elementor-element elementor-element-5be6fc0f sc_fly_static elementor-widget elementor-widget-text-editor\" data-id=\"5be6fc0f\" data-element_type=\"widget\" data-e-type=\"widget\" data-widget_type=\"text-editor.default\">\n\t\t\t\t<div class=\"elementor-widget-container\">\n\t\t\t\t\t\t\t\t\t<h5><b>Artikel 1 &#8211; Dienstleistungen und Bestimmungen<\/b><\/h5>\n<p><span style=\"font-weight: 400;\">Das Unternehmen, auf das in diesen Allgemeinen Gesch\u00e4ftsbedingungen Bezug genommen wird, ist Core Metal.<\/span><\/p>\n<p><span style=\"font-weight: 400;\">Core Metal ist spezialisiert auf technische Assistenzleistungen in den Bereichen Metallbau und Schwei\u00dfen, Korrosionsschutz, NDT und Frachtinspektionen in verschiedenen Branchen.<\/span><\/p>\n<p><span style=\"font-weight: 400;\">Diese allgemeinen Gesch\u00e4ftsbedingungen gelten f\u00fcr alle seine Dienstleistungen, unabh\u00e4ngig von ihrer rechtlichen Einordnung.<\/span><\/p>\n<p><span style=\"font-weight: 400;\">Sie gelten auch f\u00fcr alle vom Kunden m\u00fcndlich oder schriftlich angeforderten Dienstleistungen.<\/span><\/p>\n<p><span style=\"font-weight: 400;\">Der Kunde ist die nat\u00fcrliche oder juristische Person, das Unternehmen oder die Verwaltung, die die Dienste von Core Metal in Anspruch nimmt und bezahlt.<\/span><\/p>\n<p><span style=\"font-weight: 400;\">Wenn der Kunde im Auftrag handelt, muss er die Identit\u00e4t der nat\u00fcrlichen oder juristischen Person angeben, die die Dienstleistung in Anspruch nimmt und\/oder daf\u00fcr bezahlt.<\/span><\/p>\n<p><span style=\"font-weight: 400;\">Der Service umfasst alle technischen Ma\u00dfnahmen, die Core Metal zur Erf\u00fcllung seines Auftrags durchf\u00fchrt.<\/span><\/p>\n<p><span style=\"font-weight: 400;\">Sie endet mit der \u00dcbergabe eines schriftlichen Berichts (oder auf Wunsch des Kunden auch m\u00fcndlich), dem die Geb\u00fchren und Auslagen von Core Metal beigef\u00fcgt sind.<\/span><\/p>\n<p><span style=\"font-weight: 400;\">Core Metal handelt stets gem\u00e4\u00df den Anweisungen seiner Kunden, befolgt die geltenden Regeln und Praktiken des Berufsstandes und wendet die Methoden an, die aus technischer, operativer und finanzieller Sicht am besten geeignet sind.<\/span><\/p>\n<p><span style=\"font-weight: 400;\">Die Berichte oder Meinungen von Core Metal geben die Fakten und Umst\u00e4nde wieder, wie sie ihnen im Rahmen der erhaltenen Anweisungen erschienen sind.<\/span><\/p>\n<p><span style=\"font-weight: 400;\">Analysen oder Meinungen beruhen auf Testergebnissen von beobachteten Proben oder vorgestellten Situationen und stellen nur die Meinung von Core Metsld zu diesen Punkten dar.\nSie k\u00f6nnen nicht auf Elemente angewendet werden, die ihnen nicht pr\u00e4sentiert wurden oder die ihnen verborgen sind. <\/span><\/p>\n<h5><b>Artikel 2 &#8211; Verpflichtungen des Kunden<\/b><\/h5>\n<p><span style=\"font-weight: 400;\">Der Kunde stellt Core Metal unverz\u00fcglich alle notwendigen oder n\u00fctzlichen Informationen f\u00fcr die Ausf\u00fchrung seines Auftrags zur Verf\u00fcgung.\nInsbesondere muss der Kunde Core Metal innerhalb einer angemessenen Frist \u00fcber das Vorhandensein potenzieller oder tats\u00e4chlicher Risiken oder Gefahren im Zusammenhang mit den Auftragsbedingungen informieren, wie z.B. Strahlung, sch\u00e4dliche oder gef\u00e4hrliche Produkte, Verschmutzungsrisiken. <\/span><\/p>\n<p><span style=\"font-weight: 400;\">Im Allgemeinen muss der Kunde Core Metal \u00fcber jede Gefahr informieren, die die physische oder moralische Integrit\u00e4t seiner Mitarbeiter w\u00e4hrend ihrer T\u00e4tigkeit beeintr\u00e4chtigen k\u00f6nnte.<\/span><\/p>\n<p><span style=\"font-weight: 400;\">Der Kunde muss sicherstellen, dass alle Parteien, f\u00fcr die eine Zusammenarbeit oder Genehmigung w\u00e4hrend der Operationen notwendig oder n\u00fctzlich ist, davon profitieren, wenn er Core Metal einen Auftrag erteilt.<\/span><\/p>\n<p><span style=\"font-weight: 400;\">Core Metal kann, ohne dies zu \u00fcberpr\u00fcfen, davon ausgehen, dass die Erlaubnis der anderen Parteien vorliegt.\nSollte dies nicht der Fall sein, kann der Kunde Core Metal nicht haftbar machen und muss den daraus entstehenden Schaden ersetzen. <\/span><\/p>\n<h5><b>Artikel 3 &#8211; Verantwortlichkeiten<\/b><\/h5>\n<p><span style=\"font-weight: 400;\">Core Metal erbringt seine Dienstleistungen nach den geltenden Regeln der Technik in seinem Sektor.\nCore Metal hat keine Verpflichtung zum Ergebnis.\nCore Metal haftet nur im Falle eines nachgewiesenen groben oder vors\u00e4tzlichen Fehlers bei der Erf\u00fcllung seiner Verpflichtungen.  <\/span><\/p>\n<p><span style=\"font-weight: 400;\">Alle in diesen Allgemeinen Gesch\u00e4ftsbedingungen erw\u00e4hnten Haftungsklauseln, Ausschl\u00fcsse oder Beschr\u00e4nkungen gelten unabh\u00e4ngig von der Art der Streitigkeit (vertraglich, unerlaubt oder anderweitig).<\/span><\/p>\n<p><span style=\"font-weight: 400;\">Ein Kunde, der Art und Umfang des Core Metal erteilten Auftrags nur m\u00fcndlich festgelegt hat, kann keinen Fehler geltend machen, es sei denn, dieser ergibt sich aus den Bedingungen des Abschlussberichts.<\/span><\/p>\n<p><span style=\"font-weight: 400;\">Core Metal wird nur Daten und Ratschl\u00e4ge f\u00fcr seine Kunden liefern.<\/span><\/p>\n<p><span style=\"font-weight: 400;\">Keine andere Partei ist befugt, die von Core Metal bereitgestellten Daten oder Ratschl\u00e4ge zu verwenden.\nWenn eine andere Partei die Daten oder Ratschl\u00e4ge, die den Kunden von Core Metal zur Verf\u00fcgung gestellt werden, f\u00fcr Entscheidungen oder Handlungen nutzen oder sich aneignen m\u00f6chte, handelt jede Partei auf eigene Rechnung und auf eigenes Risiko. <\/span><\/p>\n<h6><b>HAFTUNGSAUSSCHL\u00dcSSE<\/b><\/h6>\n<p><span style=\"font-weight: 400;\">Core Metal kann nicht f\u00fcr Sch\u00e4den haftbar gemacht werden, die sich aus vorhersehbaren Tatsachen oder Umst\u00e4nden ergeben.\nCore Metal kann nicht f\u00fcr eine Verz\u00f6gerung bei der Ausf\u00fchrung seines Auftrags, bei teilweiser oder vollst\u00e4ndiger Nichterf\u00fcllung oder in F\u00e4llen h\u00f6herer Gewalt verantwortlich gemacht werden. <\/span><\/p>\n<p><span style=\"font-weight: 400;\">F\u00fcr die Ausf\u00fchrung seiner Auftr\u00e4ge kann Core Metal berechtigterweise davon ausgehen, dass alle von seinem Kunden oder einer anderen Partei zur Verf\u00fcgung gestellten Daten korrekt und wahrheitsgem\u00e4\u00df sind, ohne dass es einer Kontrolle oder \u00dcberpr\u00fcfung bedarf.<\/span><\/p>\n<p><span style=\"font-weight: 400;\">Core Metal kann nicht verantwortlich gemacht werden, wenn einige Daten fehlerhaft oder falsch sind.<\/span><\/p>\n<p><span style=\"font-weight: 400;\">Core Metal kann nicht f\u00fcr Sch\u00e4den an G\u00fctern oder Ausr\u00fcstungen haftbar gemacht werden, die der Kunde oder sein Vertreter f\u00fcr die Erfordernisse des Auftrags zur Verf\u00fcgung gestellt hat.\nEbenso kann Core Metal, au\u00dfer im Falle von vors\u00e4tzlichen, direkt von ihm verursachten Sch\u00e4den, nicht f\u00fcr Sch\u00e4den verantwortlich gemacht werden, die Dritte im Rahmen seiner Missionen erleiden. <\/span><\/p>\n<p><span style=\"font-weight: 400;\">Eine dritte Partei bezieht sich auf jede Partei, mit der der Kunde eine vertragliche Beziehung hat, einschlie\u00dflich, aber nicht beschr\u00e4nkt auf die Kunden von Core Metal in Situationen, in denen Core Metal als Subrogator in einem Gutachten auftritt.<\/span><\/p>\n<p><span style=\"font-weight: 400;\">Core Metal kann nur dann f\u00fcr Sch\u00e4den oder Verluste haftbar gemacht werden, die direkt auf sein Verschulden zur\u00fcckzuf\u00fchren sind, wenn dieses eine notwendige und ausreichende Bedingung f\u00fcr das Auftreten der Sch\u00e4den oder Verletzungen war.\nCore Metal kann nicht f\u00fcr indirekte oder immaterielle Folgen haftbar gemacht werden. <\/span><\/p>\n<p><span style=\"font-weight: 400;\">Core Metal kann nicht f\u00fcr die Folgen externer Ereignisse, wie z.B. die Folgen von Unf\u00e4llen, verantwortlich gemacht werden, es sei denn, der Schaden wurde absichtlich verursacht:<\/span><\/p>\n<ul>\n<li style=\"font-weight: 400;\" aria-level=\"1\"><span style=\"font-weight: 400;\">Wasser-, Brand-, Explosions- und Rauchsch\u00e4den<\/span><\/li>\n<li style=\"font-weight: 400;\" aria-level=\"1\"><span style=\"font-weight: 400;\">Sch\u00e4den, die auf ein nat\u00fcrliches klimatisches Ph\u00e4nomen zur\u00fcckzuf\u00fchren sind<\/span><\/li>\n<li style=\"font-weight: 400;\" aria-level=\"1\"><span style=\"font-weight: 400;\">Sch\u00e4den infolge von Krieg, Streik, Terrorismus, Sabotage, Gewalttaten<\/span><\/li>\n<li style=\"font-weight: 400;\" aria-level=\"1\"><span style=\"font-weight: 400;\">Sch\u00e4den, die direkt oder indirekt durch atomare Umwandlung, Radioaktivit\u00e4t, Ionisierung, nukleare Substanzen, radioaktive Produkte entstehen.<\/span><\/li>\n<\/ul>\n<h5><b>Artikel 4- Geb\u00fchren<\/b><\/h5>\n<p><span style=\"font-weight: 400;\">Die Leistung von Core Metal, unabh\u00e4ngig davon, ob sie abgeschlossen ist oder nicht, erfordert die Zahlung der Geb\u00fchren und die Erstattung der Auslagen bei Vorlage der Rechnung; etwaige Streitigkeiten zwischen dem Kunden und Core Metal entbinden nicht von der Zahlung der Rechnung und etwaiger gesetzlicher Verzugsstrafen.<\/span><\/p>\n<p><span style=\"font-weight: 400;\">Alle Core Metal-Rechnungen sind innerhalb von 10 Tagen zahlbar.\nBei Zahlungsverzug werden die gesetzlichen Zinsen f\u00e4llig. <\/span><\/p>\n<p><span style=\"font-weight: 400;\">Die Zahlung der Rechnungen von Core Metal kann, au\u00dfer mit schriftlicher Zustimmung von Core Metal, nicht aufgrund einer Streitigkeit zwischen dem Kunden und Core Metal aufgeschoben oder verweigert werden.\nEbenso ist eine Klage gegen Core Metal im Falle einer unvollst\u00e4ndigen Zahlung der f\u00fcr den strittigen Auftrag f\u00e4lligen Geb\u00fchren und Auslagen unzul\u00e4ssig. <\/span><\/p>\n<h5><b>Artikel 5 &#8211; Streitfall und Verj\u00e4hrungsfrist<\/b><\/h5>\n<p><span style=\"font-weight: 400;\">Sofern die Parteien oder die Markt- oder Branchenorganisation, die von den Parteien mit der Ausf\u00fchrung der Dienstleistung beauftragt wurde, nichts anderes vertraglich vereinbart haben, kann die Haftung von Core Metal nur durch eine schriftliche Reklamation des Kunden innerhalb von 10 Arbeitstagen nach dem Versand des Abschlussberichts in Anspruch genommen werden.<\/span><\/p>\n<h5><b>Artikel 6 &#8211; Gerichtliche Zust\u00e4ndigkeit<\/b><\/h5>\n<p><span style=\"font-weight: 400;\">F\u00fcr alle Streitigkeiten, die zwischen den Parteien \u00fcber das Zustandekommen, die Ausf\u00fchrung oder die Auslegung dieses Vertrags entstehen, ist das Landgericht Flensburg zust\u00e4ndig.<\/span><\/p>\t\t\t\t\t\t\t\t<\/div>\n\t\t\t\t<\/div>\n\t\t\t\t\t<\/div>\n\t\t<\/div>\n\t\t\t\t\t<\/div>\n\t\t<\/section>\n\t\t\t\t<\/div>\n\t\t","protected":false},"excerpt":{"rendered":"<p>Artikel 1 &#8211; Dienstleistungen und Bestimmungen Das Unternehmen, auf das in diesen Allgemeinen Gesch\u00e4ftsbedingungen Bezug genommen wird, ist Core Metal. Core Metal ist spezialisiert auf technische Assistenzleistungen in den Bereichen&hellip;<\/p>\n","protected":false},"author":1,"featured_media":0,"parent":0,"menu_order":0,"comment_status":"closed","ping_status":"closed","template":"","meta":{"footnotes":""},"class_list":["post-21018","page","type-page","status-publish","hentry"],"_links":{"self":[{"href":"https:\/\/coremetal.de\/de\/wp-json\/wp\/v2\/pages\/21018","targetHints":{"allow":["GET"]}}],"collection":[{"href":"https:\/\/coremetal.de\/de\/wp-json\/wp\/v2\/pages"}],"about":[{"href":"https:\/\/coremetal.de\/de\/wp-json\/wp\/v2\/types\/page"}],"author":[{"embeddable":true,"href":"https:\/\/coremetal.de\/de\/wp-json\/wp\/v2\/users\/1"}],"replies":[{"embeddable":true,"href":"https:\/\/coremetal.de\/de\/wp-json\/wp\/v2\/comments?post=21018"}],"version-history":[{"count":1,"href":"https:\/\/coremetal.de\/de\/wp-json\/wp\/v2\/pages\/21018\/revisions"}],"predecessor-version":[{"id":21019,"href":"https:\/\/coremetal.de\/de\/wp-json\/wp\/v2\/pages\/21018\/revisions\/21019"}],"wp:attachment":[{"href":"https:\/\/coremetal.de\/de\/wp-json\/wp\/v2\/media?parent=21018"}],"curies":[{"name":"wp","href":"https:\/\/api.w.org\/{rel}","templated":true}]}}