{"id":21014,"date":"2021-09-13T09:24:25","date_gmt":"2021-09-13T09:24:25","guid":{"rendered":"https:\/\/coremetal.de\/kontaktieren-sie-uns\/"},"modified":"2025-07-22T16:46:00","modified_gmt":"2025-07-22T16:46:00","slug":"kontaktieren-sie-uns","status":"publish","type":"page","link":"https:\/\/coremetal.de\/de\/kontaktieren-sie-uns\/","title":{"rendered":"Kontaktieren Sie uns"},"content":{"rendered":"\t\t<div data-elementor-type=\"wp-page\" data-elementor-id=\"21014\" class=\"elementor elementor-21014 elementor-17342\" data-elementor-post-type=\"page\">\n\t\t\t\t\t\t<section class=\"elementor-section elementor-top-section elementor-element elementor-element-ed3aae4 elementor-section-boxed elementor-section-height-default elementor-section-height-default sc_fly_static\" data-id=\"ed3aae4\" data-element_type=\"section\" data-e-type=\"section\">\n\t\t\t\t\t\t<div class=\"elementor-container elementor-column-gap-no\">\n\t\t\t\t\t<div class=\"elementor-column elementor-col-100 elementor-top-column elementor-element elementor-element-6880957 sc_content_align_inherit sc_layouts_column_icons_position_left sc_fly_static\" data-id=\"6880957\" data-element_type=\"column\" data-e-type=\"column\">\n\t\t\t<div class=\"elementor-widget-wrap elementor-element-populated\">\n\t\t\t\t\t\t<div class=\"elementor-element elementor-element-e3c562c sc_height_huge sc_fly_static elementor-widget elementor-widget-spacer\" data-id=\"e3c562c\" data-element_type=\"widget\" data-e-type=\"widget\" data-widget_type=\"spacer.default\">\n\t\t\t\t<div class=\"elementor-widget-container\">\n\t\t\t\t\t\t\t<div class=\"elementor-spacer\">\n\t\t\t<div class=\"elementor-spacer-inner\"><\/div>\n\t\t<\/div>\n\t\t\t\t\t\t<\/div>\n\t\t\t\t<\/div>\n\t\t\t\t<section class=\"elementor-section elementor-inner-section elementor-element elementor-element-aca2304 elementor-section-boxed elementor-section-height-default elementor-section-height-default sc_fly_static\" data-id=\"aca2304\" data-element_type=\"section\" data-e-type=\"section\">\n\t\t\t\t\t\t<div class=\"elementor-container elementor-column-gap-no\">\n\t\t\t\t\t<div class=\"elementor-column elementor-col-50 elementor-inner-column elementor-element elementor-element-18c62ca sc_content_align_inherit sc_layouts_column_icons_position_left sc_fly_static\" data-id=\"18c62ca\" data-element_type=\"column\" data-e-type=\"column\">\n\t\t\t<div class=\"elementor-widget-wrap elementor-element-populated\">\n\t\t\t\t\t\t<div class=\"elementor-element elementor-element-680c2db sc_fly_static elementor-widget elementor-widget-trx_sc_title\" data-id=\"680c2db\" data-element_type=\"widget\" data-e-type=\"widget\" data-widget_type=\"trx_sc_title.default\">\n\t\t\t\t<div class=\"elementor-widget-container\">\n\t\t\t\t\t<div\t\tclass=\"sc_title sc_title_default\" ><span class=\"sc_item_subtitle sc_title_subtitle sc_item_subtitle_above sc_item_title_style_default\">Kontaktieren Sie uns<\/span><h1 class=\"sc_item_title sc_title_title sc_item_title_style_default sc_item_title_tag\"\n\t\t\t><span class=\"sc_item_title_text\">Haben Sie Fragen? Nehmen Sie Kontakt auf oder vereinbaren Sie einen Termin! <\/span><\/h1><div class=\"sc_item_descr sc_title_descr\"><p>Vielen Dank f\u00fcr Ihr Interesse an Core Metal. Wir freuen uns \u00fcber Ihre Anfragen und sind gerne bereit, Ihnen bei allen Fragen und W\u00fcnschen zu helfen. Ob Sie Informationen \u00fcber unsere Dienstleistungen ben\u00f6tigen, ein Projekt besprechen m\u00f6chten oder Unterst\u00fctzung ben\u00f6tigen, f\u00fcllen Sie bitte das untenstehende Kontaktformular aus.   <\/p>\n<\/div><\/div>\t\t\t\t<\/div>\n\t\t\t\t<\/div>\n\t\t\t\t<div class=\"elementor-element elementor-element-62ed942 sc_fly_static elementor-widget elementor-widget-spacer\" data-id=\"62ed942\" data-element_type=\"widget\" data-e-type=\"widget\" data-widget_type=\"spacer.default\">\n\t\t\t\t<div class=\"elementor-widget-container\">\n\t\t\t\t\t\t\t<div class=\"elementor-spacer\">\n\t\t\t<div class=\"elementor-spacer-inner\"><\/div>\n\t\t<\/div>\n\t\t\t\t\t\t<\/div>\n\t\t\t\t<\/div>\n\t\t\t\t<div class=\"elementor-element elementor-element-02711a9 sc_fly_static elementor-widget elementor-widget-trx_sc_icons\" data-id=\"02711a9\" data-element_type=\"widget\" data-e-type=\"widget\" data-widget_type=\"trx_sc_icons.default\">\n\t\t\t\t<div class=\"elementor-widget-container\">\n\t\t\t\t\t<div \tclass=\"sc_icons sc_icons_simple sc_icons_size_small sc_align_none\" ><div class=\"sc_icons_item with_more\"><div class=\"sc_icons_icon sc_icon_type_ icon-pin-1\" style=\"color: #2F39D3\" ><span class=\"sc_icon_type_ icon-pin-1\" style=\"color: #2F39D3\"><\/span><\/div><div class=\"sc_icons_item_details\"><div class=\"sc_icons_item_description\"><span>Norderstra\u00dfe 149a, Flensburg 24939 Deutschland<\/span><\/div><\/div><\/div><div class=\"sc_icons_item with_more\"><div class=\"sc_icons_icon sc_icon_type_ icon-smartphone-1\" style=\"color: #2F39D3\" ><span class=\"sc_icon_type_ icon-smartphone-1\" style=\"color: #2F39D3\"><\/span><\/div><div class=\"sc_icons_item_details\"><div class=\"sc_icons_item_description\"><span><a href=\"tel:004915560374190\">+49 (0) 155 6037 4190<\/a><\/span><\/div><\/div><\/div><div class=\"sc_icons_item\"><div class=\"sc_icons_icon sc_icon_type_ icon-email-3\" style=\"color: #2F39D3\" ><span class=\"sc_icon_type_ icon-email-3\" style=\"color: #2F39D3\"><\/span><\/div><div class=\"sc_icons_item_details\"><div class=\"sc_icons_item_description\"><span><a href=\"mailto:pharell.oben@coremetal.de\">info@coremetal.de<\/a><\/span><\/div><\/div><\/div><\/div><!-- \/.sc_icons -->\t\t\t\t<\/div>\n\t\t\t\t<\/div>\n\t\t\t\t\t<\/div>\n\t\t<\/div>\n\t\t\t\t<div class=\"elementor-column elementor-col-50 elementor-inner-column elementor-element elementor-element-2434c9f sc_content_align_inherit sc_layouts_column_icons_position_left sc_fly_static\" data-id=\"2434c9f\" data-element_type=\"column\" data-e-type=\"column\">\n\t\t\t<div class=\"elementor-widget-wrap elementor-element-populated\">\n\t\t\t\t\t\t<div class=\"elementor-element elementor-element-d40efc9 sc_fly_static elementor-widget elementor-widget-spacer\" data-id=\"d40efc9\" data-element_type=\"widget\" data-e-type=\"widget\" data-widget_type=\"spacer.default\">\n\t\t\t\t<div class=\"elementor-widget-container\">\n\t\t\t\t\t\t\t<div class=\"elementor-spacer\">\n\t\t\t<div class=\"elementor-spacer-inner\"><\/div>\n\t\t<\/div>\n\t\t\t\t\t\t<\/div>\n\t\t\t\t<\/div>\n\t\t\t\t<div class=\"elementor-element elementor-element-ddb5885 sc_fly_static elementor-widget elementor-widget-trx_sc_contact_form_7\" data-id=\"ddb5885\" data-element_type=\"widget\" data-e-type=\"widget\" data-widget_type=\"trx_sc_contact_form_7.default\">\n\t\t\t\t<div class=\"elementor-widget-container\">\n\t\t\t\t\t\n<div class=\"wpcf7 no-js\" id=\"wpcf7-f21066-o1\" lang=\"de-DE\" dir=\"ltr\" data-wpcf7-id=\"21066\">\n<div class=\"screen-reader-response\"><p role=\"status\" aria-live=\"polite\" aria-atomic=\"true\"><\/p> <ul><\/ul><\/div>\n<form action=\"\/de\/wp-json\/wp\/v2\/pages\/21014#wpcf7-f21066-o1\" method=\"post\" class=\"wpcf7-form init\" aria-label=\"Kontaktformular\" novalidate=\"novalidate\" data-status=\"init\">\n<fieldset class=\"hidden-fields-container\"><input type=\"hidden\" name=\"_wpcf7\" value=\"21066\" \/><input type=\"hidden\" name=\"_wpcf7_version\" value=\"6.1.5\" \/><input type=\"hidden\" name=\"_wpcf7_locale\" value=\"de_DE\" \/><input type=\"hidden\" name=\"_wpcf7_unit_tag\" value=\"wpcf7-f21066-o1\" \/><input type=\"hidden\" name=\"_wpcf7_container_post\" value=\"0\" \/><input type=\"hidden\" name=\"_wpcf7_posted_data_hash\" value=\"\" \/>\n<\/fieldset>\n<div class=\"form-style-2\">\n\t<div class=\"columns_wrap\">\n\t\t<div class=\"column-1_2\">\n\t\t\t<p><span class=\"style-line\"><span class=\"wpcf7-form-control-wrap\" data-name=\"your-name\"><input size=\"40\" maxlength=\"400\" class=\"wpcf7-form-control wpcf7-text wpcf7-validates-as-required\" aria-required=\"true\" aria-invalid=\"false\" placeholder=\"Name\" value=\"\" type=\"text\" name=\"your-name\" \/><\/span><\/span>\n\t\t\t<\/p>\n\t\t<\/div>\n\t\t<div class=\"column-1_2\">\n\t\t\t<p><span class=\"style-line\"><span class=\"wpcf7-form-control-wrap\" data-name=\"your-last-name\"><input size=\"40\" maxlength=\"400\" class=\"wpcf7-form-control wpcf7-text wpcf7-validates-as-required\" aria-required=\"true\" aria-invalid=\"false\" placeholder=\"Nachname\" value=\"\" type=\"text\" name=\"your-last-name\" \/><\/span><\/span>\n\t\t\t<\/p>\n\t\t<\/div>\n\t<\/div>\n\t<div class=\"columns_wrap\">\n\t\t<div class=\"column-1_2\">\n\t\t\t<p><span class=\"style-line\"><span class=\"wpcf7-form-control-wrap\" data-name=\"your-email\"><input size=\"40\" maxlength=\"400\" class=\"wpcf7-form-control wpcf7-email wpcf7-validates-as-required wpcf7-text wpcf7-validates-as-email\" aria-required=\"true\" aria-invalid=\"false\" placeholder=\"E-Mail\" value=\"\" type=\"email\" name=\"your-email\" \/><\/span><\/span>\n\t\t\t<\/p>\n\t\t<\/div>\n\t\t<div class=\"column-1_2\">\n\t\t\t<p><span class=\"style-line\"><span class=\"wpcf7-form-control-wrap\" data-name=\"phone\"><input size=\"40\" maxlength=\"400\" class=\"wpcf7-form-control wpcf7-tel wpcf7-validates-as-required wpcf7-text wpcf7-validates-as-tel\" aria-required=\"true\" aria-invalid=\"false\" placeholder=\"Telefon\" value=\"\" type=\"tel\" name=\"phone\" \/><\/span><\/span>\n\t\t\t<\/p>\n\t\t<\/div>\n\t<\/div>\n\t<div class=\"columns_wrap margin-bottom\">\n\t\t<div class=\"column-1_1\">\n\t\t\t<p><span class=\"style-line\"><span class=\"wpcf7-form-control-wrap\" data-name=\"your-message\"><textarea cols=\"40\" rows=\"10\" maxlength=\"2000\" class=\"wpcf7-form-control wpcf7-textarea wpcf7-validates-as-required\" aria-required=\"true\" aria-invalid=\"false\" placeholder=\"Nachricht\" name=\"your-message\"><\/textarea><\/span><\/span>\n\t\t\t<\/p>\n\t\t<\/div>\n\t<\/div>\n\t<p><input class=\"wpcf7-form-control wpcf7-submit has-spinner\" type=\"submit\" value=\"Kontakt aufnehmen\" \/><span class=\"wpcf7-form-control-wrap\" data-name=\"acceptance\"><span class=\"wpcf7-form-control wpcf7-acceptance\"><span class=\"wpcf7-list-item\"><label><input type=\"checkbox\" name=\"acceptance\" value=\"1\" aria-invalid=\"false\" \/><span class=\"wpcf7-list-item-label\">Ich bin damit einverstanden, dass meine Daten <a href=\"\/privacy-policy\/\">gesammelt und gespeichert werden<\/a>.<\/span><\/label><\/span><\/span><\/span>\n\t<\/p>\n<\/div><div class=\"wpcf7-response-output\" aria-hidden=\"true\"><\/div>\n<\/form>\n<\/div>\n\t\t\t\t<\/div>\n\t\t\t\t<\/div>\n\t\t\t\t\t<\/div>\n\t\t<\/div>\n\t\t\t\t\t<\/div>\n\t\t<\/section>\n\t\t\t\t<div class=\"elementor-element elementor-element-ee6dc55 sc_fly_static elementor-widget elementor-widget-html\" data-id=\"ee6dc55\" data-element_type=\"widget\" data-e-type=\"widget\" data-widget_type=\"html.default\">\n\t\t\t\t<div class=\"elementor-widget-container\">\n\t\t\t\t\t<!-- Calendly inline widget begin -->\n<div class=\"calendly-inline-widget\" data-url=\"https:\/\/calendly.com\/pharell-oben\/meeting\" style=\"min-width:320px;height:700px;\"><\/div>\n<script type=\"text\/javascript\" src=\"https:\/\/assets.calendly.com\/assets\/external\/widget.js\" async=\"\"><\/script>\n<!-- Calendly inline widget end -->\t\t\t\t<\/div>\n\t\t\t\t<\/div>\n\t\t\t\t\t<\/div>\n\t\t<\/div>\n\t\t\t\t\t<\/div>\n\t\t<\/section>\n\t\t\t\t<section class=\"elementor-section elementor-top-section elementor-element elementor-element-9de3998 elementor-section-full_width elementor-section-height-default elementor-section-height-default sc_fly_static\" data-id=\"9de3998\" data-element_type=\"section\" data-e-type=\"section\">\n\t\t\t\t\t\t<div class=\"elementor-container elementor-column-gap-no\">\n\t\t\t\t\t<div class=\"elementor-column elementor-col-100 elementor-top-column elementor-element elementor-element-0c6dd66 sc_content_align_inherit sc_layouts_column_icons_position_left sc_fly_static\" data-id=\"0c6dd66\" data-element_type=\"column\" data-e-type=\"column\">\n\t\t\t<div class=\"elementor-widget-wrap elementor-element-populated\">\n\t\t\t\t\t\t<div class=\"elementor-element elementor-element-e2c39ae sc_fly_static elementor-widget elementor-widget-trx_sc_googlemap\" data-id=\"e2c39ae\" data-element_type=\"widget\" data-e-type=\"widget\" data-widget_type=\"trx_sc_googlemap.default\">\n\t\t\t\t<div class=\"elementor-widget-container\">\n\t\t\t\t\t<div id=\"sc_googlemap_1432599096_wrap\" class=\"sc_googlemap_wrap\"><div id=\"sc_googlemap_1432599096\"\t\t\tclass=\"sc_item_content sc_map sc_googlemap sc_googlemap_default trx_addons_inline_1832928443\"\n\t\t\t \t\t\tdata-zoom=\"13\"\n\t\t\tdata-center=\"\"\n\t\t\tdata-style=\"extra\"\n\t\t\tdata-map-id=\"\"\n\t\t\tdata-cluster-icon=\"\"\n\t\t\t><iframe\n\t\t\t\t\t\tdata-src=\"https:\/\/maps.google.com\/maps?t=m&output=embed&iwloc=near&z=13&q=Norderstra%C3%9Fe+149a%2C+Flensburg%2C+Germany+\"\n\t\t\t\t\t\taria-label=\"\" src=\"data:image\/gif;base64,R0lGODlhAQABAAAAACH5BAEKAAEALAAAAAABAAEAAAICTAEAOw==\" class=\"lazyload\" data-load-mode=\"1\"><\/iframe><\/div><\/div>\t\t\t\t<\/div>\n\t\t\t\t<\/div>\n\t\t\t\t\t<\/div>\n\t\t<\/div>\n\t\t\t\t\t<\/div>\n\t\t<\/section>\n\t\t\t\t<\/div>\n\t\t","protected":false},"excerpt":{"rendered":"<p>Kontaktieren Sie uns Haben Sie Fragen? Nehmen Sie Kontakt auf oder vereinbaren Sie einen Termin! Vielen Dank f\u00fcr Ihr Interesse an Core Metal. Wir freuen uns \u00fcber Ihre Anfragen und&hellip;<\/p>\n","protected":false},"author":1,"featured_media":0,"parent":0,"menu_order":0,"comment_status":"closed","ping_status":"closed","template":"","meta":{"footnotes":""},"class_list":["post-21014","page","type-page","status-publish","hentry"],"_links":{"self":[{"href":"https:\/\/coremetal.de\/de\/wp-json\/wp\/v2\/pages\/21014","targetHints":{"allow":["GET"]}}],"collection":[{"href":"https:\/\/coremetal.de\/de\/wp-json\/wp\/v2\/pages"}],"about":[{"href":"https:\/\/coremetal.de\/de\/wp-json\/wp\/v2\/types\/page"}],"author":[{"embeddable":true,"href":"https:\/\/coremetal.de\/de\/wp-json\/wp\/v2\/users\/1"}],"replies":[{"embeddable":true,"href":"https:\/\/coremetal.de\/de\/wp-json\/wp\/v2\/comments?post=21014"}],"version-history":[{"count":3,"href":"https:\/\/coremetal.de\/de\/wp-json\/wp\/v2\/pages\/21014\/revisions"}],"predecessor-version":[{"id":21260,"href":"https:\/\/coremetal.de\/de\/wp-json\/wp\/v2\/pages\/21014\/revisions\/21260"}],"wp:attachment":[{"href":"https:\/\/coremetal.de\/de\/wp-json\/wp\/v2\/media?parent=21014"}],"curies":[{"name":"wp","href":"https:\/\/api.w.org\/{rel}","templated":true}]}}